{"id":28,"date":"2019-06-15T13:05:10","date_gmt":"2019-06-15T13:05:10","guid":{"rendered":"https:\/\/lawyerscolombia.com\/?page_id=28"},"modified":"2019-07-18T14:45:26","modified_gmt":"2019-07-18T14:45:26","slug":"areas-of-law","status":"publish","type":"page","link":"https:\/\/lawyerscolombia.com\/es\/areas-of-law\/","title":{"rendered":"\u00c1REAS DEL DERECHO"},"content":{"rendered":"<p><img loading=\"lazy\" decoding=\"async\" class=\"size-full wp-image-48 aligncenter\" src=\"https:\/\/lawyerscolombia.com\/wp-content\/uploads\/2019\/06\/lawyers-Medellin-3.jpg\" alt=\"\" width=\"1240\" height=\"400\" srcset=\"https:\/\/lawyerscolombia.com\/wp-content\/uploads\/2019\/06\/lawyers-Medellin-3.jpg 1240w, https:\/\/lawyerscolombia.com\/wp-content\/uploads\/2019\/06\/lawyers-Medellin-3-300x97.jpg 300w, https:\/\/lawyerscolombia.com\/wp-content\/uploads\/2019\/06\/lawyers-Medellin-3-768x248.jpg 768w, https:\/\/lawyerscolombia.com\/wp-content\/uploads\/2019\/06\/lawyers-Medellin-3-1024x330.jpg 1024w, https:\/\/lawyerscolombia.com\/wp-content\/uploads\/2019\/06\/lawyers-Medellin-3-260x84.jpg 260w, https:\/\/lawyerscolombia.com\/wp-content\/uploads\/2019\/06\/lawyers-Medellin-3-50x16.jpg 50w, https:\/\/lawyerscolombia.com\/wp-content\/uploads\/2019\/06\/lawyers-Medellin-3-155x50.jpg 155w\" sizes=\"auto, (max-width: 1240px) 100vw, 1240px\" \/><\/p>\n<div class=\"omsc-accordion\"><br \/>\n<div class=\"omsc-toggle\"><div class=\"omsc-toggle-title\">DERECHO DE FAMILIA<\/div><div class=\"omsc-toggle-inner\"><\/p>\n<p>Matrimonio civil y cat\u00f3lico, divorcio de matrimonio civil, anulaci\u00f3n de matrimonio civil y cat\u00f3lico, testamento, fideicomisos, herencias, sucesiones, alimentos, acuerdo de custodias, visitas , matrimonio del mismo sexo, uni\u00f3n marital, capitulaciones matrimoniales, verificaci\u00f3n de antecedentes antes de matrimonio, registro de matrimonio extranjero en Colombia, declaraci\u00f3n de interdicci\u00f3n por demencia, cancelaci\u00f3n afectaci\u00f3n a vivienda familiar.<\/p>\n<p><\/div><\/div><br \/>\n<div class=\"omsc-toggle\"><div class=\"omsc-toggle-title\">DERECHO CIVIL<\/div><div class=\"omsc-toggle-inner\"><\/p>\n<p>Compras de propiedades, contratos de arrendamiento y adquisici\u00f3n, fideicomiso civil, anulaciones de contrato, disputa entre propietarios\/comuneros o vecinos, verificaci\u00f3n de t\u00edtulos y escrituras, hipotecas, historial de cr\u00e9dito<\/p>\n<p><\/div><\/div><br \/>\n<div class=\"omsc-toggle\"><div class=\"omsc-toggle-title\">INVERSI\u00d3N EXTRANJERA<\/div><div class=\"omsc-toggle-inner\"><\/p>\n<p>Registro de operaci\u00f3n cambiarias internacionales, pagos internacionales, operaciones Swift, formularios 4 y 5, requerimientos del gobierno y sus oficinas ( super sociedades)<\/p>\n<p><\/div><\/div><br \/>\n<div class=\"omsc-toggle\"><div class=\"omsc-toggle-title\">DERECHO PENAL<\/div><div class=\"omsc-toggle-inner\"><\/p>\n<p>Representaci\u00f3n de acusado o v\u00edctima en audiencias, juicios penales, interrogatorios o entrevistas con fiscal\u00eda o detectives, defensa en casos de \u00edndole sexual, acceso carnal, violaci\u00f3n, fraude, estafa de matrimonio, suplantaci\u00f3n de identidad, fraude en documentos. Nos especializamos en defensa de ciudadanos extranjeros quienes haya sido denunciados falsamente de haber cometido crimines solo con el fin de obtener compensaciones.<\/p>\n<p><\/div><\/div><br \/>\n<div class=\"omsc-toggle\"><div class=\"omsc-toggle-title\">DERECHO TRIBUTARIO<\/div><div class=\"omsc-toggle-inner\"><\/p>\n<p>Planeaci\u00f3n tributaria, optimizaci\u00f3n tributaria civil y comercial en cuantos a operaciones<\/p>\n<p><\/div><\/div><br \/>\n<div class=\"omsc-toggle\"><div class=\"omsc-toggle-title\">CUSTODIA Y ARBITRAMENTO SOBRE MASCOTAS<\/div><div class=\"omsc-toggle-inner\"><\/p>\n<p>UNICO ABOGADO EN COLOMBIA QUE ACTUALMENTE representa a clientes en procesos sobre custodia y derechos de mascotas en proceso de divorcio.<\/p>\n<p><\/div><\/div><br \/>\n<div class=\"omsc-toggle\"><div class=\"omsc-toggle-title\">DERECHO LABORAL<\/div><div class=\"omsc-toggle-inner\"><\/p>\n<p>Contrato de trabajo, contrato de servicios, liquidaci\u00f3n de empleadas dom\u00e9sticas, formas de compensaci\u00f3n laboral, regulaci\u00f3n en material laboral de sociedades, defensa ante inspecci\u00f3n del trabajo o demandas laborales.<\/p>\n<p><\/div><\/div><br \/>\n<div class=\"omsc-toggle\"><div class=\"omsc-toggle-title\">INMIGRATION<\/div><div class=\"omsc-toggle-inner\"><\/p>\n<p>Visas para Colombia, residencia, migrante o turista, cedula extranjer\u00eda, registro para apertura de cuentas bancarias, servicios p\u00fablicos y seguro social y m\u00e9dico.<\/p>\n<p><\/div><\/div><br \/>\n<div class=\"omsc-toggle\"><div class=\"omsc-toggle-title\">SERVICIOS NOTARIALES<\/div><div class=\"omsc-toggle-inner\"><\/p>\n<p>Traducciones certificadas, oficiales, apostillas, pasado criminal para otros pa\u00edses, poder general o representaci\u00f3n para ser usados en otros pa\u00edses, verificaci\u00f3n de identificaci\u00f3n, asistencia a conferencias pretrial para firmas norteamericanas.<\/p>\n<p><\/div><\/div><br \/>\n<div class=\"omsc-toggle\"><div class=\"omsc-toggle-title\">DERECHO COMERCIAL<\/div><div class=\"omsc-toggle-inner\"><\/p>\n<p>Estructuraci\u00f3n de negocios, redacci\u00f3n de contratos y evaluaci\u00f3n de riesgos, creaci\u00f3n de sociedades, liquidaci\u00f3n, inspecci\u00f3n en impuestos, hipotecas, pagares, notas cr\u00e9ditos, factoring, leasing, arrendamiento.<\/p>\n<p><\/div><\/div><br \/>\n<div class=\"omsc-toggle\"><div class=\"omsc-toggle-title\">LITIGIO<\/div><div class=\"omsc-toggle-inner\"><\/p>\n<p>Representaci\u00f3n judicial y extrajudicial ante juzgados y cortes, conciliaci\u00f3n y arbitramento.<\/p>\n<p><\/div><\/div><br \/>\n<div class=\"omsc-toggle\"><div class=\"omsc-toggle-title\">EJECUCI\u00d3N DE SENTENCIAS EXTRANJERAS<\/div><div class=\"omsc-toggle-inner\"><\/p>\n<p>Ejecutivos y remates de otros pa\u00edses, ejecuci\u00f3n de \u00f3rdenes, notificaci\u00f3n a demandas, exequator de sentencias extranjeras.<\/p>\n<p><\/div><\/div><br \/>\n<\/div>\n","protected":false},"excerpt":{"rendered":"{:en} FAMILY LAW Marriage civil and catholic, divorce of civil marriage, annulment of catholic and civil marriage, wills, trusts, estate-inheritage, child support, custody agreement, visitations and [...]","protected":false},"author":1,"featured_media":0,"parent":0,"menu_order":0,"comment_status":"closed","ping_status":"closed","template":"","meta":{"_joinchat":[],"footnotes":""},"class_list":["post-28","page","type-page","status-publish","hentry"],"translation":{"provider":"WPGlobus","version":"3.0.0","language":"es","enabled_languages":["en","es"],"languages":{"en":{"title":true,"content":true,"excerpt":false},"es":{"title":true,"content":true,"excerpt":false}}},"_links":{"self":[{"href":"https:\/\/lawyerscolombia.com\/es\/wp-json\/wp\/v2\/pages\/28","targetHints":{"allow":["GET"]}}],"collection":[{"href":"https:\/\/lawyerscolombia.com\/es\/wp-json\/wp\/v2\/pages"}],"about":[{"href":"https:\/\/lawyerscolombia.com\/es\/wp-json\/wp\/v2\/types\/page"}],"author":[{"embeddable":true,"href":"https:\/\/lawyerscolombia.com\/es\/wp-json\/wp\/v2\/users\/1"}],"replies":[{"embeddable":true,"href":"https:\/\/lawyerscolombia.com\/es\/wp-json\/wp\/v2\/comments?post=28"}],"version-history":[{"count":24,"href":"https:\/\/lawyerscolombia.com\/es\/wp-json\/wp\/v2\/pages\/28\/revisions"}],"predecessor-version":[{"id":137,"href":"https:\/\/lawyerscolombia.com\/es\/wp-json\/wp\/v2\/pages\/28\/revisions\/137"}],"wp:attachment":[{"href":"https:\/\/lawyerscolombia.com\/es\/wp-json\/wp\/v2\/media?parent=28"}],"curies":[{"name":"wp","href":"https:\/\/api.w.org\/{rel}","templated":true}]}}