{"id":3,"date":"2019-01-29T18:34:25","date_gmt":"2019-01-29T18:34:25","guid":{"rendered":"http:\/\/lawyerscolombia.com\/\/?page_id=3"},"modified":"2019-06-16T02:49:59","modified_gmt":"2019-06-16T02:49:59","slug":"privacy-policy","status":"publish","type":"page","link":"https:\/\/lawyerscolombia.com\/es\/privacy-policy\/","title":{"rendered":"Privacy Policy"},"content":{"rendered":"<p style=\"text-align: justify;\">La Ley 1581 de 2012, define que el dato personal es cualquier informaci\u00f3n vinculada o que pueda asociarse a una o varias personas naturales determinadas o determinables, como el nombre, la edad, el sexo, el estado civil, el domicilio, entre otros.<\/p>\n<p style=\"text-align: justify;\">Estos datos pueden almacenarse en cualquier soporte f\u00edsico o electr\u00f3nico y ser tratados de forma manual o automatizada.<\/p>\n<p style=\"text-align: justify;\">La Ley 1266 de 2008 define los siguientes tipos de datos de car\u00e1cter personal:<\/p>\n<ol style=\"text-align: justify;\">\n<li>Dato privado: \u201cEs el dato que por su naturaleza \u00edntima o reservada s\u00f3lo es relevante para el Titular\u201d.<\/li>\n<\/ol>\n<p style=\"text-align: justify;\">\u00a0<\/p>\n<ol style=\"text-align: justify;\" start=\"1266\">\n<li>Dato semiprivado: \u201cEs semiprivado el dato que no tiene naturaleza \u00edntima, reservada, ni p\u00fablica y cuyo conocimiento o divulgaci\u00f3n puede interesar no s\u00f3lo a su Titular sino a cierto sector o grupo de personas o a la sociedad en general, como el dato financiero y crediticio de actividad comercial o de servicios a que se refiere el T\u00edtulo IV\u201d de la Ley<\/li>\n<\/ol>\n<p>&nbsp;<\/p>\n<ol style=\"text-align: justify;\" start=\"1266\">\n<li>Dato p\u00fablico: \u201cEs el dato calificado como tal seg\u00fan los mandatos de la Ley o de la Constituci\u00f3n Pol\u00edtica y todos aquellos que no sean semiprivados o privados\u201d, de conformidad con la Ley 1266 de 2008. \u201cSon p\u00fablicos, entre otros, los datos contenidos en documentos p\u00fablicos, sentencias judiciales debidamente ejecutoriadas que no est\u00e9n sometidos a reserva y los relativos al estado civil de las personas\u201d.<\/li>\n<\/ol>\n<p style=\"text-align: justify;\">\u00a0<\/p>\n<p style=\"text-align: justify;\"><strong>La Ley 1581 de 2012 establece las siguientes categor\u00edas especiales de datos personales:<\/strong><\/p>\n<p style=\"text-align: justify;\">\u00a0<\/p>\n<ol style=\"text-align: justify;\">\n<li>Datos sensibles: Son \u201caquellos que afectan la intimidad del Titular o cuyo uso indebido puede generar su discriminaci\u00f3n, tales como aquellos que revelen el origen racial o \u00e9tnico, la orientaci\u00f3n pol\u00edtica, las convicciones religiosas o filos\u00f3ficas, la pertenencia a sindicatos, organizaciones sociales, de derechos humanos o que promueva intereses de cualquier partido pol\u00edtico o que garanticen los derechos y garant\u00edas de partidos pol\u00edticos de oposici\u00f3n, as\u00ed como los datos relativos a la salud, a la vida sexual y los datos biom\u00e9tricos\u201d.<\/li>\n<\/ol>\n<p style=\"text-align: justify;\">\u00a0<\/p>\n<p style=\"text-align: justify;\">La Ley 1581 de 2012 proh\u00edbe el tratamiento de datos sensibles con excepci\u00f3n de los siguientes casos: (i) cuando el Titular otorga su consentimiento, (ii) el Tratamiento es necesario para salvaguardar el inter\u00e9s vital del Titular y \u00e9ste se encuentre f\u00edsica o jur\u00eddicamente incapacitado, (iii) el tratamiento es efectuado en el curso de las actividades leg\u00edtimas y con las debidas garant\u00edas por parte de una fundaci\u00f3n, ONG, asociaci\u00f3n o cualquier otro organismo sin \u00e1nimo de lucro, cuya finalidad sea pol\u00edtica, filos\u00f3fica, religiosa o sindical, siempre que se refieran exclusivamente a sus miembros o a las personas que mantengan contactos regulares por raz\u00f3n de su finalidad, (iv) el Tratamiento se refiera a datos que sean necesarios para el reconocimiento, ejercicio o defensa de un derecho en un proceso judicial, y (v) el Tratamiento\u00a0 tenga una finalidad hist\u00f3rica, estad\u00edstica o cient\u00edfica, en este \u00faltimo caso deben adoptarse las medidas conducentes a la supresi\u00f3n de identidad de los Titulares.<\/p>\n<ol style=\"text-align: justify;\">\n<li>Datos personales de los ni\u00f1os, ni\u00f1as y adolescentes: Se debe tener en cuenta que aunque la Ley 1581 de 2012 proh\u00edbe el tratamiento de los datos personales de los ni\u00f1os, ni\u00f1as y adolescentes, salvo aquellos que por su naturaleza son p\u00fablicos, la Corte Constitucional precis\u00f3 que independientemente de la naturaleza del dato, se puede realizar el tratamiento de \u00e9stos <em>\u201csiempre y cuando el fin que se persiga con dicho tratamiento responda al inter\u00e9s superior de los ni\u00f1os, ni\u00f1as y adolescentes y se asegure sin excepci\u00f3n alguna el respeto a sus derechos prevalentes\u201d.<\/em><\/li>\n<\/ol>\n<p style=\"text-align: justify;\"><em>\u00a0<\/em><\/p>\n<p style=\"text-align: justify;\"><strong>DISPOSICIONES GENERALES ESTABLECIDAS EN LA LEY 1581 <\/strong><strong>DE 2012 <\/strong><strong>PARA LA PROTECCI\u00d3N DE DATOS PERSONALES<\/strong><\/p>\n<p style=\"text-align: justify;\">La Ley 1581 de 2012 desarrolla el derecho constitucional a conocer, actualizar y rectificar la informaci\u00f3n recogida en bases de datos y los dem\u00e1s derechos, libertades y garant\u00edas a que se refieren los art\u00edculos 15 y 20 de la Constituci\u00f3n (derecho a la intimidad y derecho a la informaci\u00f3n, respectivamente).<\/p>\n<p style=\"text-align: justify;\">La citada ley se aplica a los datos personales registrados en cualquier base de datos que los haga susceptibles de tratamiento por parte de entidades p\u00fablicas o privadas.<\/p>\n<p style=\"text-align: justify;\">Considerando el modo de conservaci\u00f3n de una base de datos, se puede distinguir entre bases de datos automatizadas y bases de datos manuales o archivos.<\/p>\n<p style=\"text-align: justify;\">Las bases de datos automatizadas son aquellas que se almacenan y administran con la ayuda de herramientas inform\u00e1ticas.<\/p>\n<p style=\"text-align: justify;\">Las bases de datos manuales o archivos son aquellas cuya informaci\u00f3n se encuentra organizada y almacenada de manera f\u00edsica, como las fichas de pedidos a proveedores que contengan informaci\u00f3n personal relativa al proveedor, como nombre, identificaci\u00f3n, n\u00fameros de tel\u00e9fono, correo electr\u00f3nico, etc.<\/p>\n<p style=\"text-align: justify;\">\u00a0<\/p>\n<p style=\"text-align: justify;\"><strong>D<\/strong><strong>EBERES DEL R<\/strong><strong>ESPONSABLE DEL T<\/strong><strong>RATAMIENTO<\/strong><\/p>\n<ol style=\"text-align: justify;\">\n<li>Garantizar al Titular, en todo tiempo, el pleno y efectivo ejercicio del derecho de h\u00e1beas<\/li>\n<li>Solicitar y conservar, en las condiciones previstas en la citada ley, copia de la respectiva autorizaci\u00f3n otorgada por el<\/li>\n<li>Informar debidamente al Titular sobre la finalidad de la recolecci\u00f3n y los derechos que le asisten por virtud de la autorizaci\u00f3n<\/li>\n<li>Conservar la informaci\u00f3n bajo las condiciones de seguridad necesarias para impedir su adulteraci\u00f3n, p\u00e9rdida, consulta, uso o acceso no autorizado o<\/li>\n<li>Garantizar que la informaci\u00f3n que se suministre al Encargado del Tratamiento sea veraz, completa, exacta, actualizada, comprobable y<\/li>\n<li>Actualizar la informaci\u00f3n, comunicando de forma oportuna al Encargado del Tratamiento, todas las novedades respecto de los datos que previamente le haya suministrado y adoptar las dem\u00e1s medidas necesarias para que la informaci\u00f3n suministrada a \u00e9ste se mantenga<\/li>\n<li>Rectificar la informaci\u00f3n cuando sea incorrecta y comunicar lo pertinente al Encargado del<\/li>\n<li>Suministrar al Encargado del Tratamiento, seg\u00fan el caso, \u00fanicamente datos cuyo Tratamiento est\u00e9 previamente autorizado de conformidad con lo previsto en la citada<\/li>\n<\/ol>\n<p style=\"text-align: justify;\">\u00a0<\/p>\n<ol style=\"text-align: justify;\">\n<li>Exigir al Encargado del Tratamiento en todo momento, el respeto a las condiciones de seguridad y privacidad de la informaci\u00f3n del<\/li>\n<li>Tramitar las consultas y reclamos formulados en los t\u00e9rminos se\u00f1alados en la citada<\/li>\n<li>Informar al Encargado del Tratamiento cuando determinada informaci\u00f3n se encuentra en discusi\u00f3n por parte del Titular, una vez se haya presentado la reclamaci\u00f3n y no haya finalizado el tr\u00e1mite<\/li>\n<li>Informar a solicitud del Titular sobre el uso dado a sus<\/li>\n<li>Informar a la autoridad de protecci\u00f3n de datos cuando se presenten violaciones a los c\u00f3digos de seguridad y existan riesgos en la administraci\u00f3n de la informaci\u00f3n de los<\/li>\n<li>Cumplir las instrucciones y requerimientos que imparta la Superintendencia de Industria y Comercio\u201d.<\/li>\n<\/ol>\n<p style=\"text-align: justify;\">\u00a0<\/p>\n<p style=\"text-align: justify;\"><strong>D<\/strong><strong>ERECHOS DE LOS TITULARES<\/strong><strong>\u00a0<\/strong><\/p>\n<p style=\"text-align: justify;\">La Ley 1581 de 2012 establece que los Titulares de los datos personales tendr\u00e1n los siguientes derechos:<\/p>\n<ul style=\"text-align: justify;\">\n<li>Conocer, actualizar y rectificar sus datos personales frente a los Responsables del Tratamiento o Encargados del Tratamiento. Este derecho se podr\u00e1 ejercer, entre otros frente a datos parciales, inexactos, incompletos, fraccionados, que induzcan a error, o aquellos cuyo Tratamiento est\u00e9 expresamente prohibido o no haya sido<\/li>\n<li>Solicitar prueba de la autorizaci\u00f3n otorgada al Responsable del Tratamiento salvo cuando expresamente se except\u00fae como requisito para el Tratamiento, de conformidad con lo previsto en el art\u00edculo 10 de la citada<\/li>\n<li>Ser informado por el Responsable del Tratamiento o el Encargado del Tratamiento, previa solicitud, respecto del uso que le ha dado a sus datos<\/li>\n<\/ul>\n<p style=\"text-align: justify;\">\u00a0<\/p>\n<ol style=\"text-align: justify;\" start=\"2\">\n<li><strong>P<\/strong><strong>OL\u00cdTICAS<\/strong><\/li>\n<\/ol>\n<p style=\"text-align: justify;\"><strong>\u00a0<\/strong><\/p>\n<ul style=\"text-align: justify;\">\n<li>Se establecen las siguientes directrices generales:<\/li>\n<\/ul>\n<p style=\"text-align: justify;\">\u00a0<\/p>\n<ul style=\"text-align: justify;\">\n<li>Primero: Cumplir con toda la normatividad legal vigente colombiana que dicte disposiciones para la protecci\u00f3n de datos personales.<\/li>\n<li>Segundo: Cumplir con la ley de protecci\u00f3n de datos personales de acuerdo la ley.<\/li>\n<li>Tercero: Guardar secreto profesional entre abogado y cliente salvo orden de ley.<\/li>\n<li>Cuarto: Pol\u00edticas espec\u00edficas relacionadas con el tratamiento de Datos Personales:<\/li>\n<\/ul>\n<p style=\"text-align: justify;\">\u00a0<\/p>\n<ol style=\"text-align: justify;\">\n<li>El tratamiento de Datos Personales en ejercicio propio de los servicios de consulta y ejercicio legal, sin embargo, cuando no corresponda a sus funciones deber\u00e1 obtener la autorizaci\u00f3n por medio de un documento f\u00edsico, electr\u00f3nico, mensaje de datos, Internet, sitio web, o tambi\u00e9n de manera verbal o telef\u00f3nica o en cualquier otro formato que permita su posterior consulta a fin de constatar de forma inequ\u00edvoca que sin el consentimiento del titular los datos nunca hubieran sido capturados y almacenados en medios electr\u00f3nicos o f\u00edsicos. As\u00ed mismo se podr\u00e1 obtener por medio de conductas claras e inequ\u00edvocas del Titular que permitan concluir de una manera razonable que este otorg\u00f3 su consentimiento para el manejo de sus Datos<\/li>\n<\/ol>\n<p style=\"text-align: justify;\">\u00a0<\/p>\n<ol style=\"text-align: justify;\">\n<li>El Dato Personal sometido a Tratamiento deber\u00e1 ser veraz, completo, exacto, actualizado, comprobable y comprensible. Se mantendr\u00e1 la informaci\u00f3n bajo estas caracter\u00edsticas siempre y cuando el titular informe oportunamente sus<\/li>\n<\/ol>\n<p style=\"text-align: justify;\">\u00a0<\/p>\n<ol style=\"text-align: justify;\">\n<li>Se autorizar\u00e1 expresamente al Administrador de las bases de datos para realizar el tratamiento solicitado por el Titular de la informaci\u00f3n.<\/li>\n<\/ol>\n<p style=\"text-align: justify;\">\u00a0<\/p>\n<ol style=\"text-align: justify;\">\n<li>No se har\u00e1 disponibles Datos Personales para su acceso a trav\u00e9s de Internet u otros medios masivos de comunicaci\u00f3n, a menos que se trate de informaci\u00f3n p\u00fablica o que se establezcan medidas t\u00e9cnicas que permitan controlar el acceso y restringirlo solo a las personas autorizadas por ley o por el<\/li>\n<\/ol>\n<p style=\"text-align: justify;\">\u00a0<\/p>\n<ol style=\"text-align: justify;\">\n<li>Todo Dato Personal que no sea Dato P\u00fablico se tratar\u00e1 como confidencial, aun cuando la relaci\u00f3n contractual o el v\u00ednculo entre el Titular del Dato Personal y el abogado haya finalizado.<\/li>\n<\/ol>\n<p style=\"text-align: justify;\">\u00a0<\/p>\n<ol style=\"text-align: justify;\">\n<li>El Titular, directamente o a trav\u00e9s de las personas debidamente autorizadas, podr\u00e1 consultar sus Datos Personales en todo momento y especialmente cada vez que existan modificaciones en las Pol\u00edticas de Tratamiento de la informaci\u00f3n.<\/li>\n<\/ol>\n<p style=\"text-align: justify;\">\u00a0<\/p>\n<ol style=\"text-align: justify;\">\n<li>El abogado suministrar\u00e1, actualizar\u00e1, ratificar\u00e1 o suprimir\u00e1 los Datos Personales a solicitud del Titular para corregir informaci\u00f3n parcial, inexacta, incompleta, fraccionada que induzca al error o aquella que haya sido tratada previa a la vigencia de la ley y que no tenga autorizaci\u00f3n o sea<\/li>\n<\/ol>\n<p style=\"text-align: justify;\">\u00a0<\/p>\n<ol style=\"text-align: justify;\">\n<li>Cuando le sea solicitada informaci\u00f3n, ya sea mediante una petici\u00f3n, consulta o reclamo por parte del Titular, sobre la manera como son utilizados sus Datos Personales, el abogado deber\u00e1 entregar dicha informaci\u00f3n.<\/li>\n<\/ol>\n<p style=\"text-align: justify;\">\u00a0<\/p>\n<ol style=\"text-align: justify;\">\n<li>A solicitud del Titular y cuando no tenga ning\u00fan deber legal o contractual de permanecer en las bases de datos, los Datos Personales deber\u00e1n ser eliminados.<\/li>\n<\/ol>\n<p style=\"text-align: justify;\">\u00a0<\/p>\n<ol style=\"text-align: justify;\">\n<li>Las pol\u00edticas establecidas respecto al tratamiento de Datos Personales podr\u00e1n ser modificadas en cualquier momento. Toda modificaci\u00f3n se realizar\u00e1 con apego a la normatividad legal vigente, y las mismas entrar\u00e1n en vigencia y tendr\u00e1n efectos desde su publicaci\u00f3n a trav\u00e9s de los mecanismos dispuestos por la ley para que los titulares conozcan la pol\u00edtica de tratamiento de la informaci\u00f3n y los cambios que se produzcan en<\/li>\n<li>Los Datos Personales solo podr\u00e1n ser tratados durante el tiempo y en la medida que la finalidad de su tratamiento lo<\/li>\n<\/ol>\n<p style=\"text-align: justify;\">\u00a0<\/p>\n<ol style=\"text-align: justify;\">\n<li>Los Datos Personales sujetos a tratamiento deber\u00e1n ser manejados proveyendo para ello todas las medidas tanto humanas como t\u00e9cnicas para su protecci\u00f3n, brindando la seguridad de que \u00e9sta no pueda ser copiada, adulterada, eliminada, consultada o de alguna manera utilizada sin autorizaci\u00f3n o para uso fraudulento.<\/li>\n<\/ol>\n<p style=\"text-align: justify;\">\u00a0<\/p>\n<ol style=\"text-align: justify;\">\n<li>El Titular de los datos personales puede ejercer, principalmente, sus derechos mediante la presentaci\u00f3n de consultas y reclamos al correo electr\u00f3nico <u>de la pagina web o tel\u00e9fono respectivo.<\/u><\/li>\n<\/ol>\n<p style=\"text-align: justify;\">\u00a0<\/p>\n<ol>\n<li style=\"text-align: justify;\">En los dem\u00e1s, se hara remisi\u00f3n a la ley y a las normas que regulan el secreto profesional cliente \u2013abogado.<\/li>\n<\/ol>\n","protected":false},"excerpt":{"rendered":"<p>La Ley 1581 de 2012, define que el dato personal es cualquier informaci\u00f3n vinculada o que pueda asociarse a una o varias personas naturales determinadas o [&hellip;]<\/p>\n","protected":false},"author":1,"featured_media":0,"parent":0,"menu_order":0,"comment_status":"closed","ping_status":"open","template":"","meta":{"_joinchat":[],"footnotes":""},"class_list":["post-3","page","type-page","status-publish","hentry"],"translation":{"provider":"WPGlobus","version":"3.0.0","language":"es","enabled_languages":["en","es"],"languages":{"en":{"title":true,"content":true,"excerpt":false},"es":{"title":false,"content":false,"excerpt":false}}},"_links":{"self":[{"href":"https:\/\/lawyerscolombia.com\/es\/wp-json\/wp\/v2\/pages\/3","targetHints":{"allow":["GET"]}}],"collection":[{"href":"https:\/\/lawyerscolombia.com\/es\/wp-json\/wp\/v2\/pages"}],"about":[{"href":"https:\/\/lawyerscolombia.com\/es\/wp-json\/wp\/v2\/types\/page"}],"author":[{"embeddable":true,"href":"https:\/\/lawyerscolombia.com\/es\/wp-json\/wp\/v2\/users\/1"}],"replies":[{"embeddable":true,"href":"https:\/\/lawyerscolombia.com\/es\/wp-json\/wp\/v2\/comments?post=3"}],"version-history":[{"count":1,"href":"https:\/\/lawyerscolombia.com\/es\/wp-json\/wp\/v2\/pages\/3\/revisions"}],"predecessor-version":[{"id":55,"href":"https:\/\/lawyerscolombia.com\/es\/wp-json\/wp\/v2\/pages\/3\/revisions\/55"}],"wp:attachment":[{"href":"https:\/\/lawyerscolombia.com\/es\/wp-json\/wp\/v2\/media?parent=3"}],"curies":[{"name":"wp","href":"https:\/\/api.w.org\/{rel}","templated":true}]}}