{"id":30,"date":"2019-06-15T13:10:00","date_gmt":"2019-06-15T13:10:00","guid":{"rendered":"https:\/\/lawyerscolombia.com\/?page_id=30"},"modified":"2019-07-17T17:01:51","modified_gmt":"2019-07-17T17:01:51","slug":"about-us","status":"publish","type":"page","link":"https:\/\/lawyerscolombia.com\/es\/about-us\/","title":{"rendered":"Nosotros"},"content":{"rendered":"<p style=\"text-align: justify;\"><img loading=\"lazy\" decoding=\"async\" class=\"size-medium wp-image-56 alignleft\" src=\"https:\/\/lawyerscolombia.com\/wp-content\/uploads\/2019\/06\/lawyers-Colombia-300x208.jpg\" alt=\"\" width=\"300\" height=\"208\" srcset=\"https:\/\/lawyerscolombia.com\/wp-content\/uploads\/2019\/06\/lawyers-Colombia-300x208.jpg 300w, https:\/\/lawyerscolombia.com\/wp-content\/uploads\/2019\/06\/lawyers-Colombia-210x146.jpg 210w, https:\/\/lawyerscolombia.com\/wp-content\/uploads\/2019\/06\/lawyers-Colombia-50x35.jpg 50w, https:\/\/lawyerscolombia.com\/wp-content\/uploads\/2019\/06\/lawyers-Colombia.jpg 576w, https:\/\/lawyerscolombia.com\/wp-content\/uploads\/2019\/06\/lawyers-Colombia-115x80.jpg 115w\" sizes=\"auto, (max-width: 300px) 100vw, 300px\" \/>Rada abogados es una firma creada en 2006 en Medell\u00edn Colombia cuyo prop\u00f3sito ha sido de proveer servicios legales a clientes locales e internacionales.<\/p>\n<p style=\"text-align: justify;\">Como a usted, nos gusta trabajar responsablemente, convirtiendo las cosas complejas en simples y ayudando a entender el sistema legal colombiano. Basado en innovaci\u00f3n, nuevas tecnolog\u00edas, nosotros continuamente nos adaptamos a los cambios legales.<\/p>\n<p style=\"text-align: justify;\">Si usted viene a nosotros para recibir asesor\u00eda legal en todas las etapas de sus emprendimientos, litigios o preguntas, usted recibir\u00e1 de RADA abogados, todo el conocimiento, experiencia y visi\u00f3n del trabajo, buscando que proteja sus intereses y obteniendo el mejor resultado frente a sus problemas legales.<\/p>\n","protected":false},"excerpt":{"rendered":"<p>Rada abogados es una firma creada en 2006 en Medell\u00edn Colombia cuyo prop\u00f3sito ha sido de proveer servicios legales a clientes locales e internacionales. Como a [&hellip;]<\/p>\n","protected":false},"author":1,"featured_media":0,"parent":0,"menu_order":0,"comment_status":"closed","ping_status":"closed","template":"","meta":{"_joinchat":[],"footnotes":""},"class_list":["post-30","page","type-page","status-publish","hentry"],"translation":{"provider":"WPGlobus","version":"3.0.0","language":"es","enabled_languages":["en","es"],"languages":{"en":{"title":true,"content":true,"excerpt":false},"es":{"title":true,"content":true,"excerpt":false}}},"_links":{"self":[{"href":"https:\/\/lawyerscolombia.com\/es\/wp-json\/wp\/v2\/pages\/30","targetHints":{"allow":["GET"]}}],"collection":[{"href":"https:\/\/lawyerscolombia.com\/es\/wp-json\/wp\/v2\/pages"}],"about":[{"href":"https:\/\/lawyerscolombia.com\/es\/wp-json\/wp\/v2\/types\/page"}],"author":[{"embeddable":true,"href":"https:\/\/lawyerscolombia.com\/es\/wp-json\/wp\/v2\/users\/1"}],"replies":[{"embeddable":true,"href":"https:\/\/lawyerscolombia.com\/es\/wp-json\/wp\/v2\/comments?post=30"}],"version-history":[{"count":3,"href":"https:\/\/lawyerscolombia.com\/es\/wp-json\/wp\/v2\/pages\/30\/revisions"}],"predecessor-version":[{"id":103,"href":"https:\/\/lawyerscolombia.com\/es\/wp-json\/wp\/v2\/pages\/30\/revisions\/103"}],"wp:attachment":[{"href":"https:\/\/lawyerscolombia.com\/es\/wp-json\/wp\/v2\/media?parent=30"}],"curies":[{"name":"wp","href":"https:\/\/api.w.org\/{rel}","templated":true}]}}