{"id":32,"date":"2019-06-15T13:11:21","date_gmt":"2019-06-15T13:11:21","guid":{"rendered":"https:\/\/lawyerscolombia.com\/?page_id=32"},"modified":"2019-07-17T17:04:32","modified_gmt":"2019-07-17T17:04:32","slug":"esteban-rada","status":"publish","type":"page","link":"https:\/\/lawyerscolombia.com\/es\/esteban-rada\/","title":{"rendered":"Esteban Rada"},"content":{"rendered":"<p style=\"text-align: justify;\"><img loading=\"lazy\" decoding=\"async\" class=\"size-full wp-image-76 alignleft\" src=\"https:\/\/lawyerscolombia.com\/wp-content\/uploads\/2019\/06\/mi-libro.jpeg\" alt=\"\" width=\"200\" height=\"299\" srcset=\"https:\/\/lawyerscolombia.com\/wp-content\/uploads\/2019\/06\/mi-libro.jpeg 200w, https:\/\/lawyerscolombia.com\/wp-content\/uploads\/2019\/06\/mi-libro-98x146.jpeg 98w, https:\/\/lawyerscolombia.com\/wp-content\/uploads\/2019\/06\/mi-libro-33x50.jpeg 33w, https:\/\/lawyerscolombia.com\/wp-content\/uploads\/2019\/06\/mi-libro-54x80.jpeg 54w\" sizes=\"auto, (max-width: 200px) 100vw, 200px\" \/>ESTEBAN RADA es el fundador y socio principal, abogado de la Universidad de Medell\u00edn con dos especializaciones en derecho civil y familia, un diplomado en derecho penal y una Maestr\u00eda en Derecho Privado de la UPB.<\/p>\n<p style=\"text-align: justify;\">Ha representado a cientos de clientes extranjeros en casos legales en Colombia y ha servido como testigo experto para firmas legales de Estados Unidos e Inglaterra en juicios llevados a cabo en dichas jurisdicciones.<\/p>\n<p style=\"text-align: justify;\">Es un autor publicado, siendo su m\u00e1s reciente libro sobre el matrimonio civil basado en las decisiones de la Corte Constitucional de Colombia llamado \u201c Matrimonio civil desde la jurisprudencia de la Corte Constitucional 2018\u201d. Libro usado como referencia para personas o empleados del gobierno quienes tengan preguntas sobre el proceso del matrimonio civil.<\/p>\n<p style=\"text-align: justify;\">Su tesis para la maestr\u00eda es el \u00fanico libro disponible para el caso de divorcios otorgados en otros pa\u00edses y cuyas partes requieran registrarlo en Colombia, para poder terminar el v\u00ednculo matrimonial. Este proceso se llama Exequatur.<\/p>\n<p style=\"text-align: justify;\">Esteban Rada ha sido escritor para la revista colombiana SEMANA publicada nacionalmente y con distribuci\u00f3n internacional y ha sido invitado para la estaci\u00f3n de radio RADIONICA.<\/p>\n<p style=\"text-align: justify;\">Su experticia son las \u00e1reas de civil, comercial y financiero, operaciones bancarias, contratos comerciales, sociedades, divorcio y anulaciones de matrimonio civil y cat\u00f3lico, contratos de franquicias, fideicomiso, derecho del consumidor, propiedad ra\u00edz, derecho penal, derecho laboral, revisi\u00f3n de antecedentes penales, inmigraci\u00f3n entre otros,<\/p>\n<p style=\"text-align: justify;\">Es el \u00fanico abogado en Colombia que representa clientes para casos de custodia y derechos sobre mascotas en procesos de divorcios.<br \/>\nHa ejercido derecho por m\u00e1s de 13 a\u00f1os y es abogado recomendado por la Embajada de Estados Unidos y de Inglaterra en Colombia.<\/p>\n","protected":false},"excerpt":{"rendered":"<p>ESTEBAN RADA es el fundador y socio principal, abogado de la Universidad de Medell\u00edn con dos especializaciones en derecho civil y familia, un diplomado en derecho [&hellip;]<\/p>\n","protected":false},"author":1,"featured_media":0,"parent":0,"menu_order":0,"comment_status":"closed","ping_status":"closed","template":"","meta":{"_joinchat":[],"footnotes":""},"class_list":["post-32","page","type-page","status-publish","hentry"],"translation":{"provider":"WPGlobus","version":"3.0.0","language":"es","enabled_languages":["en","es"],"languages":{"en":{"title":true,"content":true,"excerpt":false},"es":{"title":true,"content":true,"excerpt":false}}},"_links":{"self":[{"href":"https:\/\/lawyerscolombia.com\/es\/wp-json\/wp\/v2\/pages\/32","targetHints":{"allow":["GET"]}}],"collection":[{"href":"https:\/\/lawyerscolombia.com\/es\/wp-json\/wp\/v2\/pages"}],"about":[{"href":"https:\/\/lawyerscolombia.com\/es\/wp-json\/wp\/v2\/types\/page"}],"author":[{"embeddable":true,"href":"https:\/\/lawyerscolombia.com\/es\/wp-json\/wp\/v2\/users\/1"}],"replies":[{"embeddable":true,"href":"https:\/\/lawyerscolombia.com\/es\/wp-json\/wp\/v2\/comments?post=32"}],"version-history":[{"count":3,"href":"https:\/\/lawyerscolombia.com\/es\/wp-json\/wp\/v2\/pages\/32\/revisions"}],"predecessor-version":[{"id":104,"href":"https:\/\/lawyerscolombia.com\/es\/wp-json\/wp\/v2\/pages\/32\/revisions\/104"}],"wp:attachment":[{"href":"https:\/\/lawyerscolombia.com\/es\/wp-json\/wp\/v2\/media?parent=32"}],"curies":[{"name":"wp","href":"https:\/\/api.w.org\/{rel}","templated":true}]}}